{"id":42,"date":"2021-10-29T12:28:50","date_gmt":"2021-10-29T16:28:50","guid":{"rendered":"https:\/\/certifiedspanishtranslation.ca\/privacy-policy-2\/"},"modified":"2025-05-11T14:23:20","modified_gmt":"2025-05-11T18:23:20","slug":"privacy-policy","status":"publish","type":"page","link":"https:\/\/certifiedspanishtranslation.ca\/es\/privacy-policy\/","title":{"rendered":"Pol\u00edtica de privacidad"},"content":{"rendered":"\n<h2 class=\"wp-block-heading\">Su informaci\u00f3n privada est\u00e1 en buenas manos<\/h2>\n\n\n\n<p>Recabamos informaci\u00f3n agregada sobre el tr\u00e1fico del sitio web como, por ejemplo, a qu\u00e9 p\u00e1ginas acceden o qu\u00e9 paginas visitan los consumidores. Esta informaci\u00f3n estad\u00edstica que recabamos se usa para fines de revisi\u00f3n interna y para mejorar el contenido de nuestro sitio web. No se comparte con ninguna otra organizaci\u00f3n con fines comerciales.<\/p>\n\n\n\n<p>De cuando en cuando, es posible que usemos la informaci\u00f3n de los clientes para fines imprevistos y que no se describieron anteriormente en nuestro aviso de privacidad. Certified Spanish Translation \u00fanicamente recaba aquella Informaci\u00f3n Personal que usted proporciona voluntariamente al incluir su nombre, direcci\u00f3n y los dem\u00e1s datos de contacto que usted nos d\u00e9, ya sea a trav\u00e9s del formulario en l\u00ednea de nuestro sitio web o por correo electr\u00f3nico. Dicha Informaci\u00f3n Personal se recaba \u00fanicamente con la finalidad de agregar su nombre y datos de contacto a la lista de correo electr\u00f3nico de Certified Spanish Translation para poder enviarle publicaciones, promociones y actualizaciones. Al darle su Informaci\u00f3n Personal a Certified Spanish Translation en estas secciones del Sitio, usted autoriza la recopilaci\u00f3n y el uso de dicha informaci\u00f3n en apego a este aviso de privacidad. Certified Spanish Translation no divulga ninguna Informaci\u00f3n Personal a terceros, salvo se requiera por ley. Si tiene alguna inquietud acerca del uso que le damos a su informaci\u00f3n, le sugerimos que revise nuestro sitio web peri\u00f3dicamente.<\/p>\n\n\n\n<p>Si nos proporciona su direcci\u00f3n postal o de correo electr\u00f3nico, solamente recibir\u00e1 aquella informaci\u00f3n que nos solicite y para lo cual nos d\u00e9 sus datos de contacto.<\/p>\n\n\n\n<p>Nuestro sitio web usa las <em>cookies<\/em> de la siguiente manera:<\/p>\n\n\n\n<ul class=\"wp-block-list\"><li>Las <em>cookies<\/em> que se requieren para que el sitio web funcione adecuadamente. Si estas <em>cookies<\/em> se desactivan, el sitio web no trabajar\u00e1 adecuadamente y pudiera no funcionar para el usuario.<\/li><li>Las <em>cookies<\/em> de desempe\u00f1o se usan para monitorear el desempe\u00f1o del sitio web. Nos permiten corregir errores y optimizar nuestro sitio web de modo que el usuario tenga la mejor experiencia posible.<\/li><li>Si desea desactivar las <em>cookies<\/em>, puede hacerlo directamente en su navegador de Internet. Visite <a data-type=\"URL\" data-id=\"https:\/\/www.aboutcookies.org\/\" href=\"https:\/\/www.aboutcookies.org\/\" target=\"_blank\" rel=\"noreferrer noopener\">www.AboutCookies.org<\/a> para obtener m\u00e1s informaci\u00f3n.<\/li><\/ul>\n\n\n\n<p>Si tiene alguna pregunta o inquietud, por favor escr\u00edbanos a <a href=\"mailto:info@certifiedspanishtranslation.ca\">info@certifiedspanishtranslation.ca<\/a>.<\/p>\n\n\n\n<p>\u00a1Gracias por visitar <a data-type=\"URL\" data-id=\"https:\/\/www.certifiedspanishtranslation.ca\/\" href=\"https:\/\/www.certifiedspanishtranslation.ca\/\">www.certifiedspanishtranslation.ca<\/a>!<\/p>\n","protected":false},"excerpt":{"rendered":"<p>Su informaci\u00f3n privada est\u00e1 en buenas manos Recabamos informaci\u00f3n agregada sobre el tr\u00e1fico del sitio web como, por ejemplo, a qu\u00e9 p\u00e1ginas acceden o qu\u00e9 paginas visitan los consumidores. Esta&#8230;<\/p>\n","protected":false},"author":1,"featured_media":0,"parent":0,"menu_order":0,"comment_status":"closed","ping_status":"closed","template":"","meta":{"_acf_changed":false,"footnotes":""},"class_list":["post-42","page","type-page","status-publish","hentry"],"acf":[],"yoast_head":"<!-- This site is optimized with the Yoast SEO plugin v27.5 - https:\/\/yoast.com\/product\/yoast-seo-wordpress\/ -->\n<title>Pol\u00edtica de privacidad - Traducciones Certificadas<\/title>\n<meta name=\"description\" content=\"We collect aggregate information web site traffic; for example, what pages consumers access or visit.\" \/>\n<meta name=\"robots\" content=\"index, follow, max-snippet:-1, max-image-preview:large, max-video-preview:-1\" \/>\n<link rel=\"canonical\" href=\"https:\/\/certifiedspanishtranslation.ca\/es\/privacy-policy\/\" \/>\n<meta property=\"og:locale\" content=\"es_ES\" \/>\n<meta property=\"og:type\" content=\"article\" \/>\n<meta property=\"og:title\" content=\"Pol\u00edtica de privacidad - Traducciones Certificadas\" \/>\n<meta property=\"og:description\" content=\"We collect aggregate information web site traffic; for example, what pages consumers access or visit.\" \/>\n<meta property=\"og:url\" content=\"https:\/\/certifiedspanishtranslation.ca\/es\/privacy-policy\/\" \/>\n<meta property=\"og:site_name\" content=\"Certified Spanish Translation\" \/>\n<meta property=\"article:modified_time\" content=\"2025-05-11T18:23:20+00:00\" \/>\n<meta name=\"twitter:card\" content=\"summary_large_image\" \/>\n<meta name=\"twitter:label1\" content=\"Tiempo de lectura\" \/>\n\t<meta name=\"twitter:data1\" content=\"2 minutos\" \/>\n<script type=\"application\/ld+json\" class=\"yoast-schema-graph\">{\"@context\":\"https:\\\/\\\/schema.org\",\"@graph\":[{\"@type\":\"WebPage\",\"@id\":\"https:\\\/\\\/certifiedspanishtranslation.ca\\\/es\\\/privacy-policy\\\/\",\"url\":\"https:\\\/\\\/certifiedspanishtranslation.ca\\\/es\\\/privacy-policy\\\/\",\"name\":\"Pol\u00edtica de privacidad - Traducciones Certificadas\",\"isPartOf\":{\"@id\":\"https:\\\/\\\/certifiedspanishtranslation.ca\\\/#website\"},\"datePublished\":\"2021-10-29T16:28:50+00:00\",\"dateModified\":\"2025-05-11T18:23:20+00:00\",\"description\":\"We collect aggregate information web site traffic; for example, what pages consumers access or visit.\",\"breadcrumb\":{\"@id\":\"https:\\\/\\\/certifiedspanishtranslation.ca\\\/es\\\/privacy-policy\\\/#breadcrumb\"},\"inLanguage\":\"es\",\"potentialAction\":[{\"@type\":\"ReadAction\",\"target\":[\"https:\\\/\\\/certifiedspanishtranslation.ca\\\/es\\\/privacy-policy\\\/\"]}]},{\"@type\":\"BreadcrumbList\",\"@id\":\"https:\\\/\\\/certifiedspanishtranslation.ca\\\/es\\\/privacy-policy\\\/#breadcrumb\",\"itemListElement\":[{\"@type\":\"ListItem\",\"position\":1,\"name\":\"Home\",\"item\":\"https:\\\/\\\/certifiedspanishtranslation.ca\\\/es\\\/\"},{\"@type\":\"ListItem\",\"position\":2,\"name\":\"Pol\u00edtica de privacidad\"}]},{\"@type\":\"WebSite\",\"@id\":\"https:\\\/\\\/certifiedspanishtranslation.ca\\\/#website\",\"url\":\"https:\\\/\\\/certifiedspanishtranslation.ca\\\/\",\"name\":\"Certified Spanish Translation\",\"description\":\"\",\"potentialAction\":[{\"@type\":\"SearchAction\",\"target\":{\"@type\":\"EntryPoint\",\"urlTemplate\":\"https:\\\/\\\/certifiedspanishtranslation.ca\\\/?s={search_term_string}\"},\"query-input\":{\"@type\":\"PropertyValueSpecification\",\"valueRequired\":true,\"valueName\":\"search_term_string\"}}],\"inLanguage\":\"es\"}]}<\/script>\n<!-- \/ Yoast SEO plugin. -->","yoast_head_json":{"title":"Pol\u00edtica de privacidad - Traducciones Certificadas","description":"We collect aggregate information web site traffic; for example, what pages consumers access or visit.","robots":{"index":"index","follow":"follow","max-snippet":"max-snippet:-1","max-image-preview":"max-image-preview:large","max-video-preview":"max-video-preview:-1"},"canonical":"https:\/\/certifiedspanishtranslation.ca\/es\/privacy-policy\/","og_locale":"es_ES","og_type":"article","og_title":"Pol\u00edtica de privacidad - Traducciones Certificadas","og_description":"We collect aggregate information web site traffic; for example, what pages consumers access or visit.","og_url":"https:\/\/certifiedspanishtranslation.ca\/es\/privacy-policy\/","og_site_name":"Certified Spanish Translation","article_modified_time":"2025-05-11T18:23:20+00:00","twitter_card":"summary_large_image","twitter_misc":{"Tiempo de lectura":"2 minutos"},"schema":{"@context":"https:\/\/schema.org","@graph":[{"@type":"WebPage","@id":"https:\/\/certifiedspanishtranslation.ca\/es\/privacy-policy\/","url":"https:\/\/certifiedspanishtranslation.ca\/es\/privacy-policy\/","name":"Pol\u00edtica de privacidad - Traducciones Certificadas","isPartOf":{"@id":"https:\/\/certifiedspanishtranslation.ca\/#website"},"datePublished":"2021-10-29T16:28:50+00:00","dateModified":"2025-05-11T18:23:20+00:00","description":"We collect aggregate information web site traffic; for example, what pages consumers access or visit.","breadcrumb":{"@id":"https:\/\/certifiedspanishtranslation.ca\/es\/privacy-policy\/#breadcrumb"},"inLanguage":"es","potentialAction":[{"@type":"ReadAction","target":["https:\/\/certifiedspanishtranslation.ca\/es\/privacy-policy\/"]}]},{"@type":"BreadcrumbList","@id":"https:\/\/certifiedspanishtranslation.ca\/es\/privacy-policy\/#breadcrumb","itemListElement":[{"@type":"ListItem","position":1,"name":"Home","item":"https:\/\/certifiedspanishtranslation.ca\/es\/"},{"@type":"ListItem","position":2,"name":"Pol\u00edtica de privacidad"}]},{"@type":"WebSite","@id":"https:\/\/certifiedspanishtranslation.ca\/#website","url":"https:\/\/certifiedspanishtranslation.ca\/","name":"Certified Spanish Translation","description":"","potentialAction":[{"@type":"SearchAction","target":{"@type":"EntryPoint","urlTemplate":"https:\/\/certifiedspanishtranslation.ca\/?s={search_term_string}"},"query-input":{"@type":"PropertyValueSpecification","valueRequired":true,"valueName":"search_term_string"}}],"inLanguage":"es"}]}},"_links":{"self":[{"href":"https:\/\/certifiedspanishtranslation.ca\/es\/wp-json\/wp\/v2\/pages\/42","targetHints":{"allow":["GET"]}}],"collection":[{"href":"https:\/\/certifiedspanishtranslation.ca\/es\/wp-json\/wp\/v2\/pages"}],"about":[{"href":"https:\/\/certifiedspanishtranslation.ca\/es\/wp-json\/wp\/v2\/types\/page"}],"author":[{"embeddable":true,"href":"https:\/\/certifiedspanishtranslation.ca\/es\/wp-json\/wp\/v2\/users\/1"}],"replies":[{"embeddable":true,"href":"https:\/\/certifiedspanishtranslation.ca\/es\/wp-json\/wp\/v2\/comments?post=42"}],"version-history":[{"count":11,"href":"https:\/\/certifiedspanishtranslation.ca\/es\/wp-json\/wp\/v2\/pages\/42\/revisions"}],"predecessor-version":[{"id":495,"href":"https:\/\/certifiedspanishtranslation.ca\/es\/wp-json\/wp\/v2\/pages\/42\/revisions\/495"}],"wp:attachment":[{"href":"https:\/\/certifiedspanishtranslation.ca\/es\/wp-json\/wp\/v2\/media?parent=42"}],"curies":[{"name":"wp","href":"https:\/\/api.w.org\/{rel}","templated":true}]}}