{"id":40,"date":"2021-10-29T12:36:24","date_gmt":"2021-10-29T16:36:24","guid":{"rendered":"https:\/\/certifiedspanishtranslation.ca\/contact-2\/"},"modified":"2025-05-11T14:22:51","modified_gmt":"2025-05-11T18:22:51","slug":"contact","status":"publish","type":"page","link":"https:\/\/certifiedspanishtranslation.ca\/es\/contact\/","title":{"rendered":"Pida una cotizaci\u00f3n"},"content":{"rendered":"","protected":false},"excerpt":{"rendered":"","protected":false},"author":1,"featured_media":422,"parent":0,"menu_order":0,"comment_status":"closed","ping_status":"closed","template":"page-templates\/page-contact.php","meta":{"_acf_changed":false,"footnotes":""},"class_list":["post-40","page","type-page","status-publish","has-post-thumbnail","hentry"],"acf":[],"yoast_head":"<!-- This site is optimized with the Yoast SEO plugin v27.5 - https:\/\/yoast.com\/product\/yoast-seo-wordpress\/ -->\n<title>Pida una cotizaci\u00f3n - Certified Spanish Translation<\/title>\n<meta name=\"description\" content=\"Respondo y devuelvo llamadastelef\u00f3nicas y mensajes de texto entre 8 a.m. y 8p.m. todos los d\u00edas de la semana.\" \/>\n<meta name=\"robots\" content=\"index, follow, max-snippet:-1, max-image-preview:large, max-video-preview:-1\" \/>\n<link rel=\"canonical\" href=\"https:\/\/certifiedspanishtranslation.ca\/es\/contact\/\" \/>\n<meta property=\"og:locale\" content=\"es_ES\" \/>\n<meta property=\"og:type\" content=\"article\" \/>\n<meta property=\"og:title\" content=\"Pida una cotizaci\u00f3n - Certified Spanish Translation\" \/>\n<meta property=\"og:description\" content=\"Respondo y devuelvo llamadastelef\u00f3nicas y mensajes de texto entre 8 a.m. y 8p.m. todos los d\u00edas de la semana.\" \/>\n<meta property=\"og:url\" content=\"https:\/\/certifiedspanishtranslation.ca\/es\/contact\/\" \/>\n<meta property=\"og:site_name\" content=\"Certified Spanish Translation\" \/>\n<meta property=\"article:modified_time\" content=\"2025-05-11T18:22:51+00:00\" \/>\n<meta property=\"og:image\" content=\"https:\/\/certifiedspanishtranslation.ca\/wp-content\/uploads\/2021\/11\/illustration-09.png\" \/>\n\t<meta property=\"og:image:width\" content=\"568\" \/>\n\t<meta property=\"og:image:height\" content=\"425\" \/>\n\t<meta property=\"og:image:type\" content=\"image\/png\" \/>\n<meta name=\"twitter:card\" content=\"summary_large_image\" \/>\n<meta name=\"twitter:label1\" content=\"Tiempo de lectura\" \/>\n\t<meta name=\"twitter:data1\" content=\"1 minuto\" \/>\n<script type=\"application\/ld+json\" class=\"yoast-schema-graph\">{\"@context\":\"https:\\\/\\\/schema.org\",\"@graph\":[{\"@type\":\"WebPage\",\"@id\":\"https:\\\/\\\/certifiedspanishtranslation.ca\\\/es\\\/contact\\\/\",\"url\":\"https:\\\/\\\/certifiedspanishtranslation.ca\\\/es\\\/contact\\\/\",\"name\":\"Pida una cotizaci\u00f3n - Certified Spanish Translation\",\"isPartOf\":{\"@id\":\"https:\\\/\\\/certifiedspanishtranslation.ca\\\/#website\"},\"primaryImageOfPage\":{\"@id\":\"https:\\\/\\\/certifiedspanishtranslation.ca\\\/es\\\/contact\\\/#primaryimage\"},\"image\":{\"@id\":\"https:\\\/\\\/certifiedspanishtranslation.ca\\\/es\\\/contact\\\/#primaryimage\"},\"thumbnailUrl\":\"https:\\\/\\\/certifiedspanishtranslation.ca\\\/wp-content\\\/uploads\\\/2021\\\/11\\\/illustration-09.png\",\"datePublished\":\"2021-10-29T16:36:24+00:00\",\"dateModified\":\"2025-05-11T18:22:51+00:00\",\"description\":\"Respondo y devuelvo llamadastelef\u00f3nicas y mensajes de texto entre 8 a.m. y 8p.m. todos los d\u00edas de la semana.\",\"breadcrumb\":{\"@id\":\"https:\\\/\\\/certifiedspanishtranslation.ca\\\/es\\\/contact\\\/#breadcrumb\"},\"inLanguage\":\"es\",\"potentialAction\":[{\"@type\":\"ReadAction\",\"target\":[\"https:\\\/\\\/certifiedspanishtranslation.ca\\\/es\\\/contact\\\/\"]}]},{\"@type\":\"ImageObject\",\"inLanguage\":\"es\",\"@id\":\"https:\\\/\\\/certifiedspanishtranslation.ca\\\/es\\\/contact\\\/#primaryimage\",\"url\":\"https:\\\/\\\/certifiedspanishtranslation.ca\\\/wp-content\\\/uploads\\\/2021\\\/11\\\/illustration-09.png\",\"contentUrl\":\"https:\\\/\\\/certifiedspanishtranslation.ca\\\/wp-content\\\/uploads\\\/2021\\\/11\\\/illustration-09.png\",\"width\":568,\"height\":425,\"caption\":\"woman sitting at an office desk\"},{\"@type\":\"BreadcrumbList\",\"@id\":\"https:\\\/\\\/certifiedspanishtranslation.ca\\\/es\\\/contact\\\/#breadcrumb\",\"itemListElement\":[{\"@type\":\"ListItem\",\"position\":1,\"name\":\"Home\",\"item\":\"https:\\\/\\\/certifiedspanishtranslation.ca\\\/es\\\/\"},{\"@type\":\"ListItem\",\"position\":2,\"name\":\"Pida una cotizaci\u00f3n\"}]},{\"@type\":\"WebSite\",\"@id\":\"https:\\\/\\\/certifiedspanishtranslation.ca\\\/#website\",\"url\":\"https:\\\/\\\/certifiedspanishtranslation.ca\\\/\",\"name\":\"Certified Spanish Translation\",\"description\":\"\",\"potentialAction\":[{\"@type\":\"SearchAction\",\"target\":{\"@type\":\"EntryPoint\",\"urlTemplate\":\"https:\\\/\\\/certifiedspanishtranslation.ca\\\/?s={search_term_string}\"},\"query-input\":{\"@type\":\"PropertyValueSpecification\",\"valueRequired\":true,\"valueName\":\"search_term_string\"}}],\"inLanguage\":\"es\"}]}<\/script>\n<!-- \/ Yoast SEO plugin. -->","yoast_head_json":{"title":"Pida una cotizaci\u00f3n - Certified Spanish Translation","description":"Respondo y devuelvo llamadastelef\u00f3nicas y mensajes de texto entre 8 a.m. y 8p.m. todos los d\u00edas de la semana.","robots":{"index":"index","follow":"follow","max-snippet":"max-snippet:-1","max-image-preview":"max-image-preview:large","max-video-preview":"max-video-preview:-1"},"canonical":"https:\/\/certifiedspanishtranslation.ca\/es\/contact\/","og_locale":"es_ES","og_type":"article","og_title":"Pida una cotizaci\u00f3n - Certified Spanish Translation","og_description":"Respondo y devuelvo llamadastelef\u00f3nicas y mensajes de texto entre 8 a.m. y 8p.m. todos los d\u00edas de la semana.","og_url":"https:\/\/certifiedspanishtranslation.ca\/es\/contact\/","og_site_name":"Certified Spanish Translation","article_modified_time":"2025-05-11T18:22:51+00:00","og_image":[{"width":568,"height":425,"url":"https:\/\/certifiedspanishtranslation.ca\/wp-content\/uploads\/2021\/11\/illustration-09.png","type":"image\/png"}],"twitter_card":"summary_large_image","twitter_misc":{"Tiempo de lectura":"1 minuto"},"schema":{"@context":"https:\/\/schema.org","@graph":[{"@type":"WebPage","@id":"https:\/\/certifiedspanishtranslation.ca\/es\/contact\/","url":"https:\/\/certifiedspanishtranslation.ca\/es\/contact\/","name":"Pida una cotizaci\u00f3n - Certified Spanish Translation","isPartOf":{"@id":"https:\/\/certifiedspanishtranslation.ca\/#website"},"primaryImageOfPage":{"@id":"https:\/\/certifiedspanishtranslation.ca\/es\/contact\/#primaryimage"},"image":{"@id":"https:\/\/certifiedspanishtranslation.ca\/es\/contact\/#primaryimage"},"thumbnailUrl":"https:\/\/certifiedspanishtranslation.ca\/wp-content\/uploads\/2021\/11\/illustration-09.png","datePublished":"2021-10-29T16:36:24+00:00","dateModified":"2025-05-11T18:22:51+00:00","description":"Respondo y devuelvo llamadastelef\u00f3nicas y mensajes de texto entre 8 a.m. y 8p.m. todos los d\u00edas de la semana.","breadcrumb":{"@id":"https:\/\/certifiedspanishtranslation.ca\/es\/contact\/#breadcrumb"},"inLanguage":"es","potentialAction":[{"@type":"ReadAction","target":["https:\/\/certifiedspanishtranslation.ca\/es\/contact\/"]}]},{"@type":"ImageObject","inLanguage":"es","@id":"https:\/\/certifiedspanishtranslation.ca\/es\/contact\/#primaryimage","url":"https:\/\/certifiedspanishtranslation.ca\/wp-content\/uploads\/2021\/11\/illustration-09.png","contentUrl":"https:\/\/certifiedspanishtranslation.ca\/wp-content\/uploads\/2021\/11\/illustration-09.png","width":568,"height":425,"caption":"woman sitting at an office desk"},{"@type":"BreadcrumbList","@id":"https:\/\/certifiedspanishtranslation.ca\/es\/contact\/#breadcrumb","itemListElement":[{"@type":"ListItem","position":1,"name":"Home","item":"https:\/\/certifiedspanishtranslation.ca\/es\/"},{"@type":"ListItem","position":2,"name":"Pida una cotizaci\u00f3n"}]},{"@type":"WebSite","@id":"https:\/\/certifiedspanishtranslation.ca\/#website","url":"https:\/\/certifiedspanishtranslation.ca\/","name":"Certified Spanish Translation","description":"","potentialAction":[{"@type":"SearchAction","target":{"@type":"EntryPoint","urlTemplate":"https:\/\/certifiedspanishtranslation.ca\/?s={search_term_string}"},"query-input":{"@type":"PropertyValueSpecification","valueRequired":true,"valueName":"search_term_string"}}],"inLanguage":"es"}]}},"_links":{"self":[{"href":"https:\/\/certifiedspanishtranslation.ca\/es\/wp-json\/wp\/v2\/pages\/40","targetHints":{"allow":["GET"]}}],"collection":[{"href":"https:\/\/certifiedspanishtranslation.ca\/es\/wp-json\/wp\/v2\/pages"}],"about":[{"href":"https:\/\/certifiedspanishtranslation.ca\/es\/wp-json\/wp\/v2\/types\/page"}],"author":[{"embeddable":true,"href":"https:\/\/certifiedspanishtranslation.ca\/es\/wp-json\/wp\/v2\/users\/1"}],"replies":[{"embeddable":true,"href":"https:\/\/certifiedspanishtranslation.ca\/es\/wp-json\/wp\/v2\/comments?post=40"}],"version-history":[{"count":23,"href":"https:\/\/certifiedspanishtranslation.ca\/es\/wp-json\/wp\/v2\/pages\/40\/revisions"}],"predecessor-version":[{"id":494,"href":"https:\/\/certifiedspanishtranslation.ca\/es\/wp-json\/wp\/v2\/pages\/40\/revisions\/494"}],"wp:featuredmedia":[{"embeddable":true,"href":"https:\/\/certifiedspanishtranslation.ca\/es\/wp-json\/wp\/v2\/media\/422"}],"wp:attachment":[{"href":"https:\/\/certifiedspanishtranslation.ca\/es\/wp-json\/wp\/v2\/media?parent=40"}],"curies":[{"name":"wp","href":"https:\/\/api.w.org\/{rel}","templated":true}]}}